{"id":1548,"date":"2021-11-24T09:42:57","date_gmt":"2021-11-24T09:42:57","guid":{"rendered":"http:\/\/eigoconstrucciones.com\/en\/?page_id=1548"},"modified":"2022-01-26T12:50:20","modified_gmt":"2022-01-26T12:50:20","slug":"news","status":"publish","type":"page","link":"https:\/\/eigoconstrucciones.com\/en\/news\/","title":{"rendered":"NOTICIAS"},"content":{"rendered":"\r\n<p><a title=\"XII FORO INMOBILIARIO LOGISTICO \u00abINMOLOGISTICA 2021\u00bb\" href=\"http:\/\/eigoconstrucciones.com\/en\/2021\/11\/24\/xii-foro-inmobiliario-logistico-inmologistica-2021\/\" target=\"_self\" rel=\"noopener\"> <img src=\"http:\/\/eigoconstrucciones.com\/en\/wp-content\/uploads\/2021\/11\/inmobiliaria-300x200.jpg\" alt=\"inmologistica\" \/> <\/a><\/p>\r\n<h3><a tabindex=\"0\" title=\"XII FORO INMOBILIARIO LOGISTICO \u00abINMOLOGISTICA 2021\u00bb\" href=\"http:\/\/eigoconstrucciones.com\/en\/2021\/11\/24\/xii-foro-inmobiliario-logistico-inmologistica-2021\/\">XII FORO INMOBILIARIO LOGISTICO \u00abINMOLOGISTICA 2021\u00bb<\/a><\/h3>\r\n<h5>24 de noviembre de 2021<\/h5>\r\n<p>Hoy he tenido el privilegio de participar en representaci\u00f3n de #EIGO como moderador en el XII Foro Inmobiliario Logistico \u00abINMOLOGISTICA 2021\u00bb donde se re\u00fane una vez al a\u00f1o, los \u00abPlayers\u00bb m\u00e1s importantes del sector. He tenido el honor de compartir mesa con Javier M\u00e9rida de P3 Parks, \u00d3scar Heras de GLP, Ignacio Garc\u00eda de Goodman \u2026<\/p>\r\n<p><a href=\"http:\/\/eigoconstrucciones.com\/en\/2021\/11\/24\/xii-foro-inmobiliario-logistico-inmologistica-2021\/\"> XII FORO INMOBILIARIO LOGISTICO \u00abINMOLOGISTICA 2021\u00bb Leer m\u00e1s \u00bb<\/a><\/p>\r\n<p><a title=\"ADJUDICADA LA CONSTRUCCI\u00d3N DE LA PLATAFORMA P3 PARK GOYA EN ILLESCAS, TOLEDO\" href=\"http:\/\/eigoconstrucciones.com\/en\/2021\/09\/14\/hola-mundo\/\" target=\"_self\" rel=\"noopener\"> <img src=\"http:\/\/eigoconstrucciones.com\/en\/wp-content\/uploads\/2021\/11\/illescas-14-300x200.jpg\" alt=\"illescas\" \/> <\/a><\/p>\r\n<h3><a tabindex=\"0\" title=\"ADJUDICADA LA CONSTRUCCI\u00d3N DE LA PLATAFORMA P3 PARK GOYA EN ILLESCAS, TOLEDO\" href=\"http:\/\/eigoconstrucciones.com\/en\/2021\/09\/14\/hola-mundo\/\">ADJUDICADA LA CONSTRUCCI\u00d3N DE LA PLATAFORMA P3 PARK GOYA EN ILLESCAS, TOLEDO<\/a><\/h3>\r\n<h5>14 de septiembre de 2021<\/h5>\r\n<p>Adjudicada la construcci\u00f3n de la plataforma P3 Park Goya una obra de 48.000 m\u00b2 para P3 Parks en Illescas, Toledo.<\/p>\r\n","protected":false},"excerpt":{"rendered":"<p>XII FORO INMOBILIARIO LOGISTICO \u00abINMOLOGISTICA 2021\u00bb 24 de noviembre de 2021 Hoy he tenido el privilegio de participar en representaci\u00f3n de #EIGO como moderador en el XII Foro Inmobiliario Logistico \u00abINMOLOGISTICA 2021\u00bb donde se re\u00fane una vez al a\u00f1o, los \u00abPlayers\u00bb m\u00e1s importantes del sector. He tenido el honor de compartir mesa con Javier M\u00e9rida &hellip;<\/p>\n<p class=\"read-more\"> <a class=\"\" href=\"https:\/\/eigoconstrucciones.com\/en\/news\/\"> <span class=\"screen-reader-text\">NOTICIAS<\/span> Read more<\/a><\/p>\n","protected":false},"author":1,"featured_media":0,"parent":0,"menu_order":0,"comment_status":"closed","ping_status":"closed","template":"","meta":{"site-sidebar-layout":"no-sidebar","site-content-layout":"page-builder","ast-global-header-display":"","ast-main-header-display":"","ast-hfb-above-header-display":"","ast-hfb-below-header-display":"","ast-hfb-mobile-header-display":"","site-post-title":"disabled","ast-breadcrumbs-content":"","ast-featured-img":"disabled","footer-sml-layout":"","theme-transparent-header-meta":"default","adv-header-id-meta":"","stick-header-meta":"default","header-above-stick-meta":"","header-main-stick-meta":"","header-below-stick-meta":""},"_links":{"self":[{"href":"https:\/\/eigoconstrucciones.com\/en\/wp-json\/wp\/v2\/pages\/1548"}],"collection":[{"href":"https:\/\/eigoconstrucciones.com\/en\/wp-json\/wp\/v2\/pages"}],"about":[{"href":"https:\/\/eigoconstrucciones.com\/en\/wp-json\/wp\/v2\/types\/page"}],"author":[{"embeddable":true,"href":"https:\/\/eigoconstrucciones.com\/en\/wp-json\/wp\/v2\/users\/1"}],"replies":[{"embeddable":true,"href":"https:\/\/eigoconstrucciones.com\/en\/wp-json\/wp\/v2\/comments?post=1548"}],"version-history":[{"count":6,"href":"https:\/\/eigoconstrucciones.com\/en\/wp-json\/wp\/v2\/pages\/1548\/revisions"}],"predecessor-version":[{"id":1985,"href":"https:\/\/eigoconstrucciones.com\/en\/wp-json\/wp\/v2\/pages\/1548\/revisions\/1985"}],"wp:attachment":[{"href":"https:\/\/eigoconstrucciones.com\/en\/wp-json\/wp\/v2\/media?parent=1548"}],"curies":[{"name":"wp","href":"https:\/\/api.w.org\/{rel}","templated":true}]}}